{"id":23,"date":"2024-11-21T01:01:01","date_gmt":"2024-11-21T00:01:01","guid":{"rendered":"http:\/\/rubinello.net\/?page_id=23"},"modified":"2024-11-26T18:30:19","modified_gmt":"2024-11-26T17:30:19","slug":"mediterane-delikatessen","status":"publish","type":"page","link":"https:\/\/rubinello.net\/","title":{"rendered":"Mediterane Delikatessen"},"content":{"rendered":"[vc_row type=&#8220;full_width_content&#8220; full_screen_row_position=&#8220;middle&#8220; column_margin=&#8220;default&#8220; column_direction=&#8220;default&#8220; column_direction_tablet=&#8220;default&#8220; column_direction_phone=&#8220;default&#8220; scene_position=&#8220;center&#8220; left_padding_desktop=&#8220;2%&#8220; constrain_group_2=&#8220;yes&#8220; right_padding_desktop=&#8220;2%&#8220; text_color=&#8220;dark&#8220; text_align=&#8220;left&#8220; row_border_radius=&#8220;none&#8220; row_border_radius_applies=&#8220;bg&#8220; overflow=&#8220;visible&#8220; overlay_strength=&#8220;0.3&#8243; gradient_direction=&#8220;left_to_right&#8220; shape_divider_position=&#8220;bottom&#8220; bg_image_animation=&#8220;none&#8220; gradient_type=&#8220;default&#8220; shape_type=&#8220;&#8220;][vc_column column_padding=&#8220;no-extra-padding&#8220; column_padding_tablet=&#8220;inherit&#8220; column_padding_phone=&#8220;inherit&#8220; column_padding_position=&#8220;all&#8220; column_element_direction_desktop=&#8220;default&#8220; column_element_spacing=&#8220;default&#8220; desktop_text_alignment=&#8220;default&#8220; tablet_text_alignment=&#8220;default&#8220; phone_text_alignment=&#8220;default&#8220; background_color_opacity=&#8220;1&#8243; background_hover_color_opacity=&#8220;1&#8243; column_backdrop_filter=&#8220;none&#8220; column_shadow=&#8220;none&#8220; column_border_radius=&#8220;none&#8220; column_link_target=&#8220;_self&#8220; column_position=&#8220;default&#8220; gradient_direction=&#8220;left_to_right&#8220; overlay_strength=&#8220;0.3&#8243; width=&#8220;1\/1&#8243; tablet_width_inherit=&#8220;default&#8220; animation_type=&#8220;default&#8220; bg_image_animation=&#8220;none&#8220; border_type=&#8220;simple&#8220; column_border_width=&#8220;none&#8220; column_border_style=&#8220;solid&#8220;][divider line_type=&#8220;No Line&#8220; custom_height=&#8220;240&#8243; custom_height_phone=&#8220;170&#8243;][vc_column_text css_animation=&#8220;fadeInDown&#8220; css=&#8220;&#8220; text_direction=&#8220;default&#8220;]\n<h2>Mediterrane Delikatessen<\/h2>\n[\/vc_column_text][vc_column_text css_animation=&#8220;fadeInDown&#8220; css=&#8220;&#8220; text_direction=&#8220;default&#8220;]\n<h3>Pur<\/h3>\n<h3>Intensiv<\/h3>\n[\/vc_column_text][\/vc_column][\/vc_row][vc_row type=&#8220;full_width_content&#8220; full_screen_row_position=&#8220;middle&#8220; column_margin=&#8220;default&#8220; column_direction=&#8220;default&#8220; column_direction_tablet=&#8220;default&#8220; column_direction_phone=&#8220;default&#8220; bg_color=&#8220;#333333&#8243; bg_image=&#8220;121&#8243; bg_image_phone=&#8220;123&#8243; bg_position=&#8220;center center&#8220; background_image_loading=&#8220;default&#8220; bg_repeat=&#8220;no-repeat&#8220; scene_position=&#8220;center&#8220; left_padding_desktop=&#8220;8%&#8220; constrain_group_2=&#8220;yes&#8220; right_padding_desktop=&#8220;8%&#8220; text_color=&#8220;dark&#8220; text_align=&#8220;left&#8220; row_border_radius=&#8220;none&#8220; row_border_radius_applies=&#8220;bg&#8220; overflow=&#8220;visible&#8220; overlay_strength=&#8220;0.3&#8243; gradient_direction=&#8220;left_to_right&#8220; shape_divider_position=&#8220;bottom&#8220; bg_image_animation=&#8220;zoom-out-reveal&#8220; parallax_bg=&#8220;true&#8220; parallax_bg_speed=&#8220;fast&#8220; gradient_type=&#8220;default&#8220; shape_type=&#8220;&#8220;][vc_column column_padding=&#8220;no-extra-padding&#8220; column_padding_tablet=&#8220;inherit&#8220; column_padding_phone=&#8220;inherit&#8220; column_padding_position=&#8220;all&#8220; column_element_direction_desktop=&#8220;default&#8220; column_element_spacing=&#8220;default&#8220; desktop_text_alignment=&#8220;default&#8220; tablet_text_alignment=&#8220;default&#8220; phone_text_alignment=&#8220;default&#8220; background_color_opacity=&#8220;1&#8243; background_hover_color_opacity=&#8220;1&#8243; column_backdrop_filter=&#8220;none&#8220; column_shadow=&#8220;none&#8220; column_border_radius=&#8220;none&#8220; column_link_target=&#8220;_self&#8220; column_position=&#8220;default&#8220; gradient_direction=&#8220;left_to_right&#8220; overlay_strength=&#8220;0.3&#8243; width=&#8220;1\/1&#8243; tablet_width_inherit=&#8220;default&#8220; animation_type=&#8220;default&#8220; bg_image_animation=&#8220;none&#8220; border_type=&#8220;simple&#8220; column_border_width=&#8220;none&#8220; column_border_style=&#8220;solid&#8220;][divider line_type=&#8220;No Line&#8220; custom_height=&#8220;800&#8243; custom_height_phone=&#8220;500&#8243;][\/vc_column][\/vc_row][vc_row type=&#8220;full_width_content&#8220; full_screen_row_position=&#8220;middle&#8220; column_margin=&#8220;default&#8220; column_direction=&#8220;default&#8220; column_direction_tablet=&#8220;default&#8220; column_direction_phone=&#8220;default&#8220; scene_position=&#8220;center&#8220; text_color=&#8220;dark&#8220; text_align=&#8220;left&#8220; row_border_radius=&#8220;none&#8220; row_border_radius_applies=&#8220;bg&#8220; overflow=&#8220;visible&#8220; overlay_strength=&#8220;0.3&#8243; gradient_direction=&#8220;left_to_right&#8220; shape_divider_position=&#8220;bottom&#8220; bg_image_animation=&#8220;none&#8220; gradient_type=&#8220;default&#8220; shape_type=&#8220;&#8220;][vc_column column_padding=&#8220;padding-3-percent&#8220; column_padding_tablet=&#8220;inherit&#8220; column_padding_phone=&#8220;inherit&#8220; column_padding_position=&#8220;all&#8220; column_element_direction_desktop=&#8220;default&#8220; column_element_spacing=&#8220;default&#8220; desktop_text_alignment=&#8220;default&#8220; tablet_text_alignment=&#8220;default&#8220; phone_text_alignment=&#8220;default&#8220; background_color_opacity=&#8220;1&#8243; background_hover_color_opacity=&#8220;1&#8243; column_backdrop_filter=&#8220;none&#8220; column_shadow=&#8220;none&#8220; column_border_radius=&#8220;none&#8220; column_link_target=&#8220;_self&#8220; column_position=&#8220;default&#8220; gradient_direction=&#8220;left_to_right&#8220; overlay_strength=&#8220;0.3&#8243; width=&#8220;1\/1&#8243; tablet_width_inherit=&#8220;default&#8220; animation_type=&#8220;default&#8220; bg_image_animation=&#8220;none&#8220; border_type=&#8220;simple&#8220; column_border_width=&#8220;none&#8220; column_border_style=&#8220;solid&#8220; column_padding_type=&#8220;default&#8220; gradient_type=&#8220;default&#8220;][divider line_type=&#8220;No Line&#8220; custom_height=&#8220;100&#8243;][vc_column_text css_animation=&#8220;fadeInDown&#8220; css=&#8220;&#8220; text_direction=&#8220;default&#8220;]\n<h3>Von den Erfinder:innen des<\/h3>\n<h3 class=\"LC20lb MBeuO DKV0Md\">Dolce far niente<\/h3>\n[\/vc_column_text][divider line_type=&#8220;No Line&#8220; custom_height=&#8220;33&#8243;][vc_column_text css_animation=&#8220;fadeInUp&#8220; css=&#8220;&#8220; text_direction=&#8220;default&#8220;]\n<h5>Italien ist weltweit bekannt f\u00fcr seine erstklassige K\u00fcche, die nicht nur durch ihre Vielfalt, sondern auch durch die hohe Qualit\u00e4t der Zutaten besticht. Was viele nicht wissen: Der wahre Geschmack Italiens liegt oft in den H\u00e4nden kleiner, leidenschaftlicher Erzeuger:innen, die ihre Produkte mit Hingabe und Tradition herstellen.<\/h5>\n<p>&nbsp;<\/p>\n<h5><strong>Handverlesene Produzent:innen f\u00fcr h\u00f6chste Qualit\u00e4t<\/strong><br \/>\nDie Qualit\u00e4t der Produkte ist das Herzst\u00fcck jeder italienischen Spezialit\u00e4t. Aus diesem Grund arbeiten wir ausschlie\u00dflich mit kleinen, familiengef\u00fchrten Betrieben zusammen, die ihre Produkte mit der gleichen Leidenschaft und Hingabe herstellen wie ihre Vorfahren. Sie legen gro\u00dfen Wert auf nachhaltige Anbaumethoden, die Erhaltung der Biodiversit\u00e4t und die F\u00f6rderung traditioneller Handwerkskunst.<\/h5>\n<h5>Unsere italienischen Spezialit\u00e4ten bieten ein unverwechselbares Geschmackserlebnis, das die Tradition und Leidenschaft der italienischen K\u00fcche widerspiegelt. Diese Produkte sind nicht nur ein Genuss f\u00fcr den Gaumen, sondern auch ein St\u00fcck italienischer Kultur und Geschichte. Sie bringen ein St\u00fcck Italien direkt zu Ihnen nach Hause \u2013 authentisch, nachhaltig und vollmundig im Geschmack.<\/h5>\n[\/vc_column_text][divider line_type=&#8220;No Line&#8220; custom_height=&#8220;100&#8243;][vc_column_text css_animation=&#8220;fadeInDown&#8220; css=&#8220;&#8220; text_direction=&#8220;default&#8220;]\n<h3>Guten Appetit<\/h3>\n[\/vc_column_text][divider line_type=&#8220;No Line&#8220; custom_height=&#8220;250&#8243;][\/vc_column][\/vc_row]\n","protected":false},"excerpt":{"rendered":"<p>[vc_row type=&#8220;full_width_content&#8220; full_screen_row_position=&#8220;middle&#8220; column_margin=&#8220;default&#8220; column_direction=&#8220;default&#8220; column_direction_tablet=&#8220;default&#8220; column_direction_phone=&#8220;default&#8220; scene_position=&#8220;center&#8220; left_padding_desktop=&#8220;2%&#8220; constrain_group_2=&#8220;yes&#8220; right_padding_desktop=&#8220;2%&#8220; text_color=&#8220;dark&#8220; text_align=&#8220;left&#8220; row_border_radius=&#8220;none&#8220; row_border_radius_applies=&#8220;bg&#8220; overflow=&#8220;visible&#8220; overlay_strength=&#8220;0.3&#8243; gradient_direction=&#8220;left_to_right&#8220; shape_divider_position=&#8220;bottom&#8220; bg_image_animation=&#8220;none&#8220; gradient_type=&#8220;default&#8220; shape_type=&#8220;&#8220;][vc_column column_padding=&#8220;no-extra-padding&#8220; column_padding_tablet=&#8220;inherit&#8220; column_padding_phone=&#8220;inherit&#8220; column_padding_position=&#8220;all&#8220; column_element_direction_desktop=&#8220;default&#8220; column_element_spacing=&#8220;default&#8220; desktop_text_alignment=&#8220;default&#8220; tablet_text_alignment=&#8220;default&#8220;&#8230;<\/p>\n","protected":false},"author":1,"featured_media":0,"parent":0,"menu_order":0,"comment_status":"closed","ping_status":"closed","template":"","meta":{"inline_featured_image":false,"footnotes":""},"class_list":["post-23","page","type-page","status-publish"],"_links":{"self":[{"href":"https:\/\/rubinello.net\/index.php\/wp-json\/wp\/v2\/pages\/23","targetHints":{"allow":["GET"]}}],"collection":[{"href":"https:\/\/rubinello.net\/index.php\/wp-json\/wp\/v2\/pages"}],"about":[{"href":"https:\/\/rubinello.net\/index.php\/wp-json\/wp\/v2\/types\/page"}],"author":[{"embeddable":true,"href":"https:\/\/rubinello.net\/index.php\/wp-json\/wp\/v2\/users\/1"}],"replies":[{"embeddable":true,"href":"https:\/\/rubinello.net\/index.php\/wp-json\/wp\/v2\/comments?post=23"}],"version-history":[{"count":28,"href":"https:\/\/rubinello.net\/index.php\/wp-json\/wp\/v2\/pages\/23\/revisions"}],"predecessor-version":[{"id":213,"href":"https:\/\/rubinello.net\/index.php\/wp-json\/wp\/v2\/pages\/23\/revisions\/213"}],"wp:attachment":[{"href":"https:\/\/rubinello.net\/index.php\/wp-json\/wp\/v2\/media?parent=23"}],"curies":[{"name":"wp","href":"https:\/\/api.w.org\/{rel}","templated":true}]}}